{"id":2,"date":"2018-05-29T15:10:32","date_gmt":"2018-05-29T15:10:32","guid":{"rendered":"http:\/\/teosz.hu\/T2\/?page_id=2"},"modified":"2018-06-02T11:27:33","modified_gmt":"2018-06-02T11:27:33","slug":"about","status":"publish","type":"page","link":"http:\/\/teosz.hu\/T2\/about\/","title":{"rendered":"Impresszum"},"content":{"rendered":"<p><a href=\"http:\/\/teosz.hu\/T2\/wp-content\/uploads\/2018\/05\/tesz_logo_3.png\"><img decoding=\"async\" class=\"size-full wp-image-94 aligncenter\" src=\"http:\/\/teosz.hu\/T2\/wp-content\/uploads\/2018\/05\/tesz_logo_3.png\" alt=\"\" width=\"200\" height=\"200\" srcset=\"http:\/\/teosz.hu\/T2\/wp-content\/uploads\/2018\/05\/tesz_logo_3.png 200w, http:\/\/teosz.hu\/T2\/wp-content\/uploads\/2018\/05\/tesz_logo_3-150x150.png 150w, http:\/\/teosz.hu\/T2\/wp-content\/uploads\/2018\/05\/tesz_logo_3-60x60.png 60w\" sizes=\"(max-width: 200px) 100vw, 200px\" \/><\/a><\/p>\n<p>&nbsp;<\/p>\n<p>&nbsp;<\/p>\n<div class=\"navbar-header\">\n<p>&nbsp;<\/p>\n<h1 style=\"text-align: center;\"><strong><span style=\"font-size: 18pt;\">T\u00e1rsadalmi Egyes\u00fcl\u00e9sek Orsz\u00e1gos Sz\u00f6vets\u00e9ge (TESZ)<\/span><\/strong><\/h1>\n<p style=\"text-align: center;\">Confederation of Social Associations<\/p>\n<p>&nbsp;<\/p>\n<p style=\"text-align: left;\"><strong>Orsz\u00e1gos Eln\u00f6ks\u00e9g<\/strong><\/p>\n<p>1093 Budapest, M\u00e1ty\u00e1s utca 15 fsz.<br \/>\nTelefon: +36-1-952-0871<br \/>\nE-mail: <a href=\"mailto:teszbp1@gmail.com\">teszbp1@gmail.com<\/a><\/p>\n<p>&nbsp;<\/p>\n<p>&nbsp;<\/p>\n<\/div>\n","protected":false},"excerpt":{"rendered":"<p>&nbsp; &nbsp; &nbsp; T\u00e1rsadalmi Egyes\u00fcl\u00e9sek Orsz\u00e1gos Sz\u00f6vets\u00e9ge (TESZ) Confederation of Social Associations &nbsp; Orsz\u00e1gos Eln\u00f6ks\u00e9g 1093 Budapest, M\u00e1ty\u00e1s utca 15 fsz. Telefon: +36-1-952-0871 E-mail: teszbp1@gmail.com &nbsp; &nbsp;<\/p>\n","protected":false},"author":1,"featured_media":0,"parent":0,"menu_order":0,"comment_status":"closed","ping_status":"closed","template":"","meta":{"footnotes":""},"class_list":["post-2","page","type-page","status-publish","hentry"],"_links":{"self":[{"href":"http:\/\/teosz.hu\/T2\/wp-json\/wp\/v2\/pages\/2"}],"collection":[{"href":"http:\/\/teosz.hu\/T2\/wp-json\/wp\/v2\/pages"}],"about":[{"href":"http:\/\/teosz.hu\/T2\/wp-json\/wp\/v2\/types\/page"}],"author":[{"embeddable":true,"href":"http:\/\/teosz.hu\/T2\/wp-json\/wp\/v2\/users\/1"}],"replies":[{"embeddable":true,"href":"http:\/\/teosz.hu\/T2\/wp-json\/wp\/v2\/comments?post=2"}],"version-history":[{"count":18,"href":"http:\/\/teosz.hu\/T2\/wp-json\/wp\/v2\/pages\/2\/revisions"}],"predecessor-version":[{"id":142,"href":"http:\/\/teosz.hu\/T2\/wp-json\/wp\/v2\/pages\/2\/revisions\/142"}],"wp:attachment":[{"href":"http:\/\/teosz.hu\/T2\/wp-json\/wp\/v2\/media?parent=2"}],"curies":[{"name":"wp","href":"https:\/\/api.w.org\/{rel}","templated":true}]}}