{"id":32,"date":"2018-05-29T16:43:59","date_gmt":"2018-05-29T16:43:59","guid":{"rendered":"http:\/\/teosz.hu\/T2\/?page_id=32"},"modified":"2023-07-26T13:53:10","modified_gmt":"2023-07-26T13:53:10","slug":"nyitolap","status":"publish","type":"page","link":"http:\/\/teosz.hu\/T2\/","title":{"rendered":"Nyit\u00f3lap"},"content":{"rendered":"\t\t<div data-elementor-type=\"wp-page\" data-elementor-id=\"32\" class=\"elementor elementor-32\">\n\t\t\t\t\t\t<section class=\"elementor-section elementor-top-section elementor-element elementor-element-031bea5 elementor-section-boxed elementor-section-height-default elementor-section-height-default\" data-id=\"031bea5\" data-element_type=\"section\" data-settings=\"{&quot;_ha_eqh_enable&quot;:false}\">\n\t\t\t\t\t\t<div class=\"elementor-container elementor-column-gap-default\">\n\t\t\t\t\t<div class=\"elementor-column elementor-col-100 elementor-top-column elementor-element elementor-element-55e49e1\" data-id=\"55e49e1\" data-element_type=\"column\">\n\t\t\t<div class=\"elementor-widget-wrap elementor-element-populated\">\n\t\t\t\t\t\t<div class=\"elementor-element elementor-element-e656a91 elementor-widget elementor-widget-image\" data-id=\"e656a91\" data-element_type=\"widget\" data-widget_type=\"image.default\">\n\t\t\t\t<div class=\"elementor-widget-container\">\n\t\t\t\t\t\t\t\t\t\t\t\t\t<img fetchpriority=\"high\" decoding=\"async\" width=\"300\" height=\"300\" src=\"http:\/\/teosz.hu\/T2\/wp-content\/uploads\/2019\/09\/tesz_logo_merged_black.ai_-300x300.png\" class=\"attachment-medium size-medium wp-image-428\" alt=\"\" srcset=\"http:\/\/teosz.hu\/T2\/wp-content\/uploads\/2019\/09\/tesz_logo_merged_black.ai_-300x300.png 300w, http:\/\/teosz.hu\/T2\/wp-content\/uploads\/2019\/09\/tesz_logo_merged_black.ai_-150x150.png 150w, http:\/\/teosz.hu\/T2\/wp-content\/uploads\/2019\/09\/tesz_logo_merged_black.ai_-60x60.png 60w, http:\/\/teosz.hu\/T2\/wp-content\/uploads\/2019\/09\/tesz_logo_merged_black.ai_.png 643w\" sizes=\"100vw\" \/>\t\t\t\t\t\t\t\t\t\t\t\t\t<\/div>\n\t\t\t\t<\/div>\n\t\t\t\t\t<\/div>\n\t\t<\/div>\n\t\t\t\t\t<\/div>\n\t\t<\/section>\n\t\t\t\t<section class=\"elementor-section elementor-top-section elementor-element elementor-element-82203ff elementor-section-boxed elementor-section-height-default elementor-section-height-default\" data-id=\"82203ff\" data-element_type=\"section\" data-settings=\"{&quot;_ha_eqh_enable&quot;:false}\">\n\t\t\t\t\t\t<div class=\"elementor-container elementor-column-gap-default\">\n\t\t\t\t\t<div class=\"elementor-column elementor-col-100 elementor-top-column elementor-element elementor-element-5d794e9\" data-id=\"5d794e9\" data-element_type=\"column\">\n\t\t\t<div class=\"elementor-widget-wrap elementor-element-populated\">\n\t\t\t\t\t\t<div class=\"elementor-element elementor-element-c2596ce elementor-widget-divider--view-line elementor-widget elementor-widget-divider\" data-id=\"c2596ce\" data-element_type=\"widget\" data-widget_type=\"divider.default\">\n\t\t\t\t<div class=\"elementor-widget-container\">\n\t\t\t\t\t<div class=\"elementor-divider\">\n\t\t\t<span class=\"elementor-divider-separator\">\n\t\t\t\t\t\t<\/span>\n\t\t<\/div>\n\t\t\t\t<\/div>\n\t\t\t\t<\/div>\n\t\t\t\t\t<\/div>\n\t\t<\/div>\n\t\t\t\t\t<\/div>\n\t\t<\/section>\n\t\t\t\t<section class=\"elementor-section elementor-top-section elementor-element elementor-element-30bfeac elementor-section-boxed elementor-section-height-default elementor-section-height-default\" data-id=\"30bfeac\" data-element_type=\"section\" data-settings=\"{&quot;_ha_eqh_enable&quot;:false}\">\n\t\t\t\t\t\t<div class=\"elementor-container elementor-column-gap-default\">\n\t\t\t\t\t<div class=\"elementor-column elementor-col-33 elementor-top-column elementor-element elementor-element-750057e\" data-id=\"750057e\" data-element_type=\"column\">\n\t\t\t<div class=\"elementor-widget-wrap elementor-element-populated\">\n\t\t\t\t\t\t<div class=\"elementor-element elementor-element-f6547b0 elementor-view-default elementor-widget elementor-widget-icon\" data-id=\"f6547b0\" data-element_type=\"widget\" data-widget_type=\"icon.default\">\n\t\t\t\t<div class=\"elementor-widget-container\">\n\t\t\t\t\t<div class=\"elementor-icon-wrapper\">\n\t\t\t<div class=\"elementor-icon\">\n\t\t\t<i aria-hidden=\"true\" class=\"fab fa-accessible-icon\"><\/i>\t\t\t<\/div>\n\t\t<\/div>\n\t\t\t\t<\/div>\n\t\t\t\t<\/div>\n\t\t\t\t<div class=\"elementor-element elementor-element-ff1a96a elementor-widget elementor-widget-text-editor\" data-id=\"ff1a96a\" data-element_type=\"widget\" data-widget_type=\"text-editor.default\">\n\t\t\t\t<div class=\"elementor-widget-container\">\n\t\t\t\t\t\t\t<p>A TESZ c\u00e9lja: a Sz\u00f6vets\u00e9gben egy\u00fcttm\u0171k\u00f6d\u0151 civil szervezetek \u00e9s sz\u00f6vets\u00e9gek tev\u00e9kenys\u00e9g\u00e9nek \u00f6sszehangol\u00e1sa, orsz\u00e1gos \u00e9s nemzetk\u00f6zi megjelen\u00edt\u00e9se, szervezeti \u00e9let\u00fck \u00e9s munk\u00e1juk el\u0151seg\u00edt\u00e9se, \u00e9rdekeik sokoldal\u00fa k\u00e9pviselete. A magyar nemzeti \u00e9rt\u00e9kek \u00e1pol\u00e1sa \u00e9s gazdag\u00edt\u00e1sa, a t\u00e1rsadalmi halad\u00e1s \u00e9s a civil k\u00f6z\u00f6ss\u00e9gek fejl\u0151d\u00e9s\u00e9nek sokoldal\u00fa szolg\u00e1lata.<\/p>\t\t\t\t\t\t<\/div>\n\t\t\t\t<\/div>\n\t\t\t\t\t<\/div>\n\t\t<\/div>\n\t\t\t\t<div class=\"elementor-column elementor-col-33 elementor-top-column elementor-element elementor-element-3d292d8\" data-id=\"3d292d8\" data-element_type=\"column\">\n\t\t\t<div class=\"elementor-widget-wrap elementor-element-populated\">\n\t\t\t\t\t\t<div class=\"elementor-element elementor-element-d70ff65 elementor-widget elementor-widget-text-editor\" data-id=\"d70ff65\" data-element_type=\"widget\" data-widget_type=\"text-editor.default\">\n\t\t\t\t<div class=\"elementor-widget-container\">\n\t\t\t\t\t\t\t<p><a href=\"http:\/\/teosz.hu\/T2\/wp-content\/uploads\/2019\/09\/tesz_logo_merged_black.ai_.png\"><img decoding=\"async\" class=\"aligncenter wp-image-428 size-thumbnail\" src=\"http:\/\/teosz.hu\/T2\/wp-content\/uploads\/2019\/09\/tesz_logo_merged_black.ai_-150x150.png\" alt=\"\" width=\"150\" height=\"150\" srcset=\"http:\/\/teosz.hu\/T2\/wp-content\/uploads\/2019\/09\/tesz_logo_merged_black.ai_-150x150.png 150w, http:\/\/teosz.hu\/T2\/wp-content\/uploads\/2019\/09\/tesz_logo_merged_black.ai_-300x300.png 300w, http:\/\/teosz.hu\/T2\/wp-content\/uploads\/2019\/09\/tesz_logo_merged_black.ai_-60x60.png 60w, http:\/\/teosz.hu\/T2\/wp-content\/uploads\/2019\/09\/tesz_logo_merged_black.ai_.png 643w\" sizes=\"(max-width: 150px) 100vw, 150px\" \/><\/a><\/p><p>A sz\u00f6vets\u00e9g tart\u00f3zkodik minden sz\u00e9ls\u0151s\u00e9gt\u0151l, kirekeszt\u0151 megnyilv\u00e1nul\u00e1st\u00f3l, er\u0151szakt\u00f3l \u00e9s b\u00e9k\u00e9tlens\u00e9gt\u0151l. A TESZ v\u00e1lasztott tiszts\u00e9gvisel\u0151i nem lehetnek egyidej\u0171leg politikai p\u00e1rt tagjai, vagy alkalmazottai<\/p>\t\t\t\t\t\t<\/div>\n\t\t\t\t<\/div>\n\t\t\t\t\t<\/div>\n\t\t<\/div>\n\t\t\t\t<div class=\"elementor-column elementor-col-33 elementor-top-column elementor-element elementor-element-d0d7eb3\" data-id=\"d0d7eb3\" data-element_type=\"column\">\n\t\t\t<div class=\"elementor-widget-wrap elementor-element-populated\">\n\t\t\t\t\t\t<div class=\"elementor-element elementor-element-abb9301 elementor-view-default elementor-widget elementor-widget-icon\" data-id=\"abb9301\" data-element_type=\"widget\" data-widget_type=\"icon.default\">\n\t\t\t\t<div class=\"elementor-widget-container\">\n\t\t\t\t\t<div class=\"elementor-icon-wrapper\">\n\t\t\t<div class=\"elementor-icon\">\n\t\t\t<i aria-hidden=\"true\" class=\"fas fa-user-friends\"><\/i>\t\t\t<\/div>\n\t\t<\/div>\n\t\t\t\t<\/div>\n\t\t\t\t<\/div>\n\t\t\t\t<div class=\"elementor-element elementor-element-1a86c12 elementor-widget elementor-widget-text-editor\" data-id=\"1a86c12\" data-element_type=\"widget\" data-widget_type=\"text-editor.default\">\n\t\t\t\t<div class=\"elementor-widget-container\">\n\t\t\t\t\t\t\t<p>TESZ, mint sz\u00f6vets\u00e9g p\u00e1rtsemleges egyes\u00fclet, politikai p\u00e1rtokat \u00e9s szervezeteket nem t\u00e1mogat, politikai p\u00e1rtokt\u00f3l t\u00e1mogat\u00e1sban nem r\u00e9szes\u00fcl. C\u00e9lja el\u00e9r\u00e9s\u00e9\u00e9rt egy\u00fcttm\u0171k\u00f6dik a t\u00e1rsadalom \u00e9rdek\u00e9ben munk\u00e1lkod\u00f3 hasonl\u00f3 civil szervezetekkel, valamint az \u00e1llami szervekkel \u00e9s az \u00f6nkorm\u00e1nyzatokkal.<\/p><p>A sz\u00f6vets\u00e9g tart\u00f3zkodik minden sz\u00e9ls\u0151s\u00e9gt\u0151l, kirekeszt\u0151 megnyilv\u00e1nul\u00e1st\u00f3l, er\u0151szakt\u00f3l \u00e9s b\u00e9k\u00e9tlens\u00e9gt\u0151l. A TESZ v\u00e1lasztott tiszts\u00e9gvisel\u0151i nem lehetnek egyidej\u0171leg politikai p\u00e1rt tagjai, vagy alkalmazotta<\/p>\t\t\t\t\t\t<\/div>\n\t\t\t\t<\/div>\n\t\t\t\t\t<\/div>\n\t\t<\/div>\n\t\t\t\t\t<\/div>\n\t\t<\/section>\n\t\t\t\t<section class=\"elementor-section elementor-top-section elementor-element elementor-element-572bc67 elementor-section-boxed elementor-section-height-default elementor-section-height-default\" data-id=\"572bc67\" data-element_type=\"section\" data-settings=\"{&quot;_ha_eqh_enable&quot;:false}\">\n\t\t\t\t\t\t<div class=\"elementor-container elementor-column-gap-default\">\n\t\t\t\t\t<div class=\"elementor-column elementor-col-100 elementor-top-column elementor-element elementor-element-6178333\" data-id=\"6178333\" data-element_type=\"column\">\n\t\t\t<div class=\"elementor-widget-wrap elementor-element-populated\">\n\t\t\t\t\t\t<div class=\"elementor-element elementor-element-9429f53 elementor-widget-divider--view-line elementor-widget elementor-widget-divider\" data-id=\"9429f53\" data-element_type=\"widget\" data-widget_type=\"divider.default\">\n\t\t\t\t<div class=\"elementor-widget-container\">\n\t\t\t\t\t<div class=\"elementor-divider\">\n\t\t\t<span class=\"elementor-divider-separator\">\n\t\t\t\t\t\t<\/span>\n\t\t<\/div>\n\t\t\t\t<\/div>\n\t\t\t\t<\/div>\n\t\t\t\t\t<\/div>\n\t\t<\/div>\n\t\t\t\t\t<\/div>\n\t\t<\/section>\n\t\t\t\t<section class=\"elementor-section elementor-top-section elementor-element elementor-element-1b84fbf3 elementor-section-boxed elementor-section-height-default elementor-section-height-default\" data-id=\"1b84fbf3\" data-element_type=\"section\" data-settings=\"{&quot;_ha_eqh_enable&quot;:false}\">\n\t\t\t\t\t\t<div class=\"elementor-container elementor-column-gap-default\">\n\t\t\t\t\t<div class=\"elementor-column elementor-col-100 elementor-top-column elementor-element elementor-element-66dc350a\" data-id=\"66dc350a\" data-element_type=\"column\">\n\t\t\t<div class=\"elementor-widget-wrap elementor-element-populated\">\n\t\t\t\t\t\t<div class=\"elementor-element elementor-element-6f88bfd elementor-widget elementor-widget-text-editor\" data-id=\"6f88bfd\" data-element_type=\"widget\" data-widget_type=\"text-editor.default\">\n\t\t\t\t<div class=\"elementor-widget-container\">\n\t\t\t\t\t\t\t<p style=\"text-align: center;\"><a href=\"http:\/\/teosz.hu\/T2\/wp-content\/uploads\/2020\/03\/infoblokk_kedv_final_CMYK_ERFA.jpg\"><img decoding=\"async\" src=\"http:\/\/teosz.hu\/T2\/wp-content\/uploads\/2020\/03\/infoblokk_kedv_final_CMYK_ERFA-300x207.jpg\" alt=\"\" width=\"300\" height=\"207\" \/><\/a><\/p><p style=\"text-align: center;\"><a href=\"http:\/\/teosz.hu\/T2\/category\/szechenyi2020\/\">Tov\u00e1bb a p\u00e1ly\u00e1zatokra<\/a><\/p><p style=\"text-align: center;\"><img loading=\"lazy\" decoding=\"async\" src=\"http:\/\/teosz.hu\/T2\/wp-content\/uploads\/2021\/05\/NEA_ME_BGA-300x60.png\" alt=\"\" width=\"905\" height=\"181\" \/><\/p><p style=\"text-align: center;\"><a href=\"http:\/\/teosz.hu\/T2\/category\/szechenyi2020\/\">Bethlen G\u00e1bor Zrt., a Nemzeti Egy\u00fcttm\u0171k\u00f6d\u00e9si Alap, \u00e9s a Minisztereln\u00f6ks\u00e9g<\/a> t\u00e1mogat\u00e1s\u00e1val<br \/>NEA-TF-19-\u00d6-V-0796<br \/>TEOSZ 2019 &#8211; M\u0171k\u00f6d\u00e9s \u00e9s szakmai program &#8211; 1.350.000 Ft<\/p>\t\t\t\t\t\t<\/div>\n\t\t\t\t<\/div>\n\t\t\t\t\t<\/div>\n\t\t<\/div>\n\t\t\t\t\t<\/div>\n\t\t<\/section>\n\t\t\t\t<section class=\"elementor-section elementor-top-section elementor-element elementor-element-dd82d9f elementor-section-boxed elementor-section-height-default elementor-section-height-default\" data-id=\"dd82d9f\" data-element_type=\"section\" data-settings=\"{&quot;_ha_eqh_enable&quot;:false}\">\n\t\t\t\t\t\t<div class=\"elementor-container elementor-column-gap-default\">\n\t\t\t\t\t<div class=\"elementor-column elementor-col-100 elementor-top-column elementor-element elementor-element-21e0209\" data-id=\"21e0209\" data-element_type=\"column\">\n\t\t\t<div class=\"elementor-widget-wrap elementor-element-populated\">\n\t\t\t\t\t\t<div class=\"elementor-element elementor-element-7eaeb9c elementor-widget-divider--view-line elementor-widget elementor-widget-divider\" data-id=\"7eaeb9c\" data-element_type=\"widget\" data-widget_type=\"divider.default\">\n\t\t\t\t<div class=\"elementor-widget-container\">\n\t\t\t\t\t<div class=\"elementor-divider\">\n\t\t\t<span class=\"elementor-divider-separator\">\n\t\t\t\t\t\t<\/span>\n\t\t<\/div>\n\t\t\t\t<\/div>\n\t\t\t\t<\/div>\n\t\t\t\t\t<\/div>\n\t\t<\/div>\n\t\t\t\t\t<\/div>\n\t\t<\/section>\n\t\t\t\t<section class=\"elementor-section elementor-top-section elementor-element elementor-element-81fb820 elementor-section-boxed elementor-section-height-default elementor-section-height-default\" data-id=\"81fb820\" data-element_type=\"section\" data-settings=\"{&quot;_ha_eqh_enable&quot;:false}\">\n\t\t\t\t\t\t<div class=\"elementor-container elementor-column-gap-default\">\n\t\t\t\t\t<div class=\"elementor-column elementor-col-100 elementor-top-column elementor-element elementor-element-2c3b405\" data-id=\"2c3b405\" data-element_type=\"column\">\n\t\t\t<div class=\"elementor-widget-wrap elementor-element-populated\">\n\t\t\t\t\t\t<div class=\"elementor-element elementor-element-e00dea7 ha-has-bg-overlay elementor-widget elementor-widget-text-editor\" data-id=\"e00dea7\" data-element_type=\"widget\" data-widget_type=\"text-editor.default\">\n\t\t\t\t<div class=\"elementor-widget-container\">\n\t\t\t\t\t\t\t<p align=\"justify\">A TESZ m\u0171k\u00f6d\u00e9se ny\u00edlt \u00e9s demokratikus.<\/p><p align=\"justify\">A Sz\u00f6vets\u00e9g az alkotm\u00e1nyoss\u00e1g,<b> <\/b>a<b> <\/b>demokr\u00e1cia<b> <\/b>\u00e9s a jog\u00e1llamis\u00e1g<b> <\/b>alapj\u00e1n v\u00e9gzi tev\u00e9kenys\u00e9g\u00e9t;<\/p><p align=\"justify\">&#8211; t\u00e1mogatja a t\u00e1rsadalom civil szervezeteit \u00e9s demokratikus mozgalmait,<br \/>&#8211; el\u0151seg\u00edti a nemzeti \u00f6sszetartoz\u00e1st, a polg\u00e1ri fejl\u0151d\u00e9st, a nemzeti, az eur\u00f3pai \u00e9s az egyetemes emberi \u00e9rt\u00e9kek \u00e9rv\u00e9nyes\u00fcl\u00e9s\u00e9t \u00e9s gyarap\u00edt\u00e1s\u00e1t, az alapvet\u0151 emberi \u00e9s polg\u00e1ri jogokat,<br \/>&#8211; \u00f3vja \u00e9s fejleszti a magyar nemzeti kult\u00far\u00e1t \u00e9s az itt \u00e9l\u0151 nemzetis\u00e9gek kult\u00far\u00e1j\u00e1t, &#8212; seg\u00edti a szoci\u00e1lis, az eg\u00e9szs\u00e9g\u00fcgyi, a kultur\u00e1lis \u00e9s sport szolg\u00e1ltat\u00e1sok tev\u00e9kenys\u00e9gek jav\u00edt\u00e1s\u00e1t,<br \/>&#8211; \u00e9rdemi szerepet v\u00e1llal a fogyaszt\u00f3v\u00e9delem \u00e9rv\u00e9nyes\u00edt\u00e9s\u00e9ben, szervezeti tov\u00e1bbfejleszt\u00e9s\u00e9ben,<br \/><i>&#8211;<\/i> k\u00f6zrem\u0171k\u00f6dik a lak\u00f3helyi \u00e9s term\u00e9szeti k\u00f6rnyezet meg\u00f3v\u00e1s\u00e1ban \u00e9s fejleszt\u00e9s\u00e9ben,<br \/>&#8211; t\u00e1mogatja a n\u00e9pek, nemzetek k\u00f6z\u00f6tti bar\u00e1ts\u00e1got \u00e9s egy\u00fcttm\u0171k\u00f6d\u00e9st, a n\u00e9pi diplom\u00e1ci\u00e1t.<\/p><p align=\"justify\">A hat\u00e9konyabb lakoss\u00e1gi \u00e9rdekk\u00e9pviselet megval\u00f3s\u00edt\u00e1s\u00e1\u00e9rt a TESZ m\u00e1s civil szervezetekkel is egy\u00fcttm\u0171k\u00f6dik, sz\u00fcks\u00e9g szerint koordin\u00e1ci\u00f3s feladatokat is v\u00e1llal, esetenk\u00e9nt k\u00fcls\u0151 szak\u00e9rt\u0151k bevon\u00e1s\u00e1val.<\/p><p align=\"justify\">A Sz\u00f6vets\u00e9g Oktat\u00e1si \u00e9s Szabadid\u0151 K\u00f6z\u00f6ss\u00e9gi H\u00e1zat m\u0171k\u00f6dtet k\u00e9pz\u00e9s, tov\u00e1bbk\u00e9pz\u00e9s\u00a0\u00e9s egy\u00e9b k\u00f6z\u00f6ss\u00e9gi c\u00e9lok \u00e9rdek\u00e9ben.<\/p>\t\t\t\t\t\t<\/div>\n\t\t\t\t<\/div>\n\t\t\t\t\t<\/div>\n\t\t<\/div>\n\t\t\t\t\t<\/div>\n\t\t<\/section>\n\t\t\t\t<section class=\"elementor-section elementor-top-section elementor-element elementor-element-1692dac elementor-section-boxed elementor-section-height-default elementor-section-height-default\" data-id=\"1692dac\" data-element_type=\"section\" data-settings=\"{&quot;_ha_eqh_enable&quot;:false}\">\n\t\t\t\t\t\t<div class=\"elementor-container elementor-column-gap-default\">\n\t\t\t\t\t<div class=\"elementor-column elementor-col-100 elementor-top-column elementor-element elementor-element-483c34f\" data-id=\"483c34f\" data-element_type=\"column\">\n\t\t\t<div class=\"elementor-widget-wrap elementor-element-populated\">\n\t\t\t\t\t\t<div class=\"elementor-element elementor-element-f470443 elementor-widget-divider--view-line elementor-widget elementor-widget-divider\" data-id=\"f470443\" data-element_type=\"widget\" data-widget_type=\"divider.default\">\n\t\t\t\t<div class=\"elementor-widget-container\">\n\t\t\t\t\t<div class=\"elementor-divider\">\n\t\t\t<span class=\"elementor-divider-separator\">\n\t\t\t\t\t\t<\/span>\n\t\t<\/div>\n\t\t\t\t<\/div>\n\t\t\t\t<\/div>\n\t\t\t\t\t<\/div>\n\t\t<\/div>\n\t\t\t\t\t<\/div>\n\t\t<\/section>\n\t\t\t\t<\/div>\n\t\t","protected":false},"excerpt":{"rendered":"<p>A TESZ c\u00e9lja: a Sz\u00f6vets\u00e9gben egy\u00fcttm\u0171k\u00f6d\u0151 civil szervezetek \u00e9s sz\u00f6vets\u00e9gek tev\u00e9kenys\u00e9g\u00e9nek \u00f6sszehangol\u00e1sa, orsz\u00e1gos \u00e9s nemzetk\u00f6zi megjelen\u00edt\u00e9se, szervezeti \u00e9let\u00fck \u00e9s munk\u00e1juk el\u0151seg\u00edt\u00e9se, \u00e9rdekeik sokoldal\u00fa k\u00e9pviselete. A magyar nemzeti \u00e9rt\u00e9kek \u00e1pol\u00e1sa \u00e9s gazdag\u00edt\u00e1sa, a t\u00e1rsadalmi halad\u00e1s \u00e9s a civil k\u00f6z\u00f6ss\u00e9gek fejl\u0151d\u00e9s\u00e9nek sokoldal\u00fa szolg\u00e1lata. A sz\u00f6vets\u00e9g tart\u00f3zkodik minden sz\u00e9ls\u0151s\u00e9gt\u0151l, kirekeszt\u0151 megnyilv\u00e1nul\u00e1st\u00f3l, er\u0151szakt\u00f3l \u00e9s b\u00e9k\u00e9tlens\u00e9gt\u0151l. A TESZ v\u00e1lasztott tiszts\u00e9gvisel\u0151i &hellip; <\/p>\n<p class=\"link-more\"><a href=\"http:\/\/teosz.hu\/T2\/\" class=\"more-link\"><span class=\"screen-reader-text\">&#8220;Nyit\u00f3lap&#8221;<\/span> b\u0151vebben<\/a><\/p>\n","protected":false},"author":1,"featured_media":0,"parent":0,"menu_order":0,"comment_status":"closed","ping_status":"closed","template":"","meta":{"footnotes":""},"class_list":["post-32","page","type-page","status-publish","hentry"],"_links":{"self":[{"href":"http:\/\/teosz.hu\/T2\/wp-json\/wp\/v2\/pages\/32"}],"collection":[{"href":"http:\/\/teosz.hu\/T2\/wp-json\/wp\/v2\/pages"}],"about":[{"href":"http:\/\/teosz.hu\/T2\/wp-json\/wp\/v2\/types\/page"}],"author":[{"embeddable":true,"href":"http:\/\/teosz.hu\/T2\/wp-json\/wp\/v2\/users\/1"}],"replies":[{"embeddable":true,"href":"http:\/\/teosz.hu\/T2\/wp-json\/wp\/v2\/comments?post=32"}],"version-history":[{"count":53,"href":"http:\/\/teosz.hu\/T2\/wp-json\/wp\/v2\/pages\/32\/revisions"}],"predecessor-version":[{"id":546,"href":"http:\/\/teosz.hu\/T2\/wp-json\/wp\/v2\/pages\/32\/revisions\/546"}],"wp:attachment":[{"href":"http:\/\/teosz.hu\/T2\/wp-json\/wp\/v2\/media?parent=32"}],"curies":[{"name":"wp","href":"https:\/\/api.w.org\/{rel}","templated":true}]}}